{"id":5510,"date":"2019-07-15T14:22:57","date_gmt":"2019-07-15T12:22:57","guid":{"rendered":"https:\/\/www.fundacionmagtel.eshome\/"},"modified":"2025-10-08T13:27:59","modified_gmt":"2025-10-08T11:27:59","slug":"home","status":"publish","type":"page","link":"https:\/\/fundacionmagtel.es\/en\/","title":{"rendered":"Home"},"content":{"rendered":"\t\t<div data-elementor-type=\"wp-post\" data-elementor-id=\"5510\" class=\"elementor elementor-5510 elementor-36\" data-elementor-post-type=\"page\">\n\t\t\t\t\t\t<section class=\"elementor-section elementor-top-section elementor-element elementor-element-42c3cdf elementor-section-stretched elementor-section-full_width elementor-section-height-default elementor-section-height-default\" data-id=\"42c3cdf\" data-element_type=\"section\" data-e-type=\"section\" id=\"barra-navegacion-ingles\" data-settings=\"{&quot;stretch_section&quot;:&quot;section-stretched&quot;}\">\n\t\t\t\t\t\t<div class=\"elementor-container elementor-column-gap-default\">\n\t\t\t\t\t<div class=\"elementor-column elementor-col-33 elementor-top-column elementor-element elementor-element-5a445a1\" data-id=\"5a445a1\" data-element_type=\"column\" data-e-type=\"column\">\n\t\t\t<div class=\"elementor-widget-wrap elementor-element-populated\">\n\t\t\t\t\t\t<div class=\"elementor-element elementor-element-fe62165 elementor-widget elementor-widget-image\" data-id=\"fe62165\" data-element_type=\"widget\" data-e-type=\"widget\" data-widget_type=\"image.default\">\n\t\t\t\t<div class=\"elementor-widget-container\">\n\t\t\t\t\t\t\t\t\t\t\t\t\t\t\t\t<a href=\"http:\/\/www.fundacionmagtel.es\">\n\t\t\t\t\t\t\t<img decoding=\"async\" width=\"198\" height=\"63\" data-src=\"https:\/\/fundacionmagtel.es\/wp-content\/uploads\/2015\/07\/logoFM.png\" class=\"attachment-full size-full wp-image-4769 lazyload\" alt=\"\" data-sizes=\"100vw\" src=\"data:image\/svg+xml;base64,PHN2ZyB3aWR0aD0iMSIgaGVpZ2h0PSIxIiB4bWxucz0iaHR0cDovL3d3dy53My5vcmcvMjAwMC9zdmciPjwvc3ZnPg==\" style=\"--smush-placeholder-width: 198px; --smush-placeholder-aspect-ratio: 198\/63;\" \/>\t\t\t\t\t\t\t\t<\/a>\n\t\t\t\t\t\t\t\t\t\t\t\t\t\t\t<\/div>\n\t\t\t\t<\/div>\n\t\t\t\t<div class=\"elementor-element elementor-element-9de0044 elementor-widget elementor-widget-text-editor\" data-id=\"9de0044\" data-element_type=\"widget\" data-e-type=\"widget\" data-widget_type=\"text-editor.default\">\n\t\t\t\t<div class=\"elementor-widget-container\">\n\t\t\t\t\t\t\t\t\t<p><a href=\"\/en\/social-innovation\/\">Social Innovation<\/a><br \/><a href=\"\/en\/employability\/\">Employability<\/a><br \/><a href=\"\/en\/social-action-initiatives\/\">Social Action Initiatives<\/a><br \/><a href=\"\/en\/international-cooperation\/\">International Cooperation<\/a><\/p>\t\t\t\t\t\t\t\t<\/div>\n\t\t\t\t<\/div>\n\t\t\t\t\t<\/div>\n\t\t<\/div>\n\t\t\t\t<div class=\"elementor-column elementor-col-33 elementor-top-column elementor-element elementor-element-eed24c7\" data-id=\"eed24c7\" data-element_type=\"column\" data-e-type=\"column\">\n\t\t\t<div class=\"elementor-widget-wrap elementor-element-populated\">\n\t\t\t\t\t\t<div class=\"elementor-element elementor-element-efa2973 elementor-hidden-desktop elementor-hidden-tablet elementor-widget elementor-widget-text-editor\" data-id=\"efa2973\" data-element_type=\"widget\" data-e-type=\"widget\" data-widget_type=\"text-editor.default\">\n\t\t\t\t<div class=\"elementor-widget-container\">\n\t\t\t\t\t\t\t\t\t<p><a href=\"https:\/\/www.fundacionmagtel.es\/en\/news\/\">News<\/a><a href=\"https:\/\/www.fundacionmagtel.es\/en\/about-us\/\"><br \/><\/a><a href=\" \/en\/about-us\/\">About us<\/a><a href=\"https:\/\/www.fundacionmagtel.es\/en\/about-us\/\"><br \/><\/a><a href=\"https:\/\/fundacionmagtel.es\/vi-premios-fundacion-magtel\/\">Awards<\/a><a href=\"https:\/\/www.fundacionmagtel.es\/en\/about-us\/\"><br \/><\/a><a href=\"https:\/\/www.fundacionmagtel.es\/\"><span style=\"color: #808080;\">Castellano<\/span><\/a><\/p>\t\t\t\t\t\t\t\t<\/div>\n\t\t\t\t<\/div>\n\t\t\t\t<div class=\"elementor-element elementor-element-a6fe03e elementor-hidden-phone elementor-widget elementor-widget-text-editor\" data-id=\"a6fe03e\" data-element_type=\"widget\" data-e-type=\"widget\" data-widget_type=\"text-editor.default\">\n\t\t\t\t<div class=\"elementor-widget-container\">\n\t\t\t\t\t\t\t\t\t<p><a href=\"https:\/\/www.fundacionmagtel.es\/en\/news\/\">News<\/a><br \/><a href=\" \/en\/about-us\/\">About us<\/a><br \/><a href=\"https:\/\/www.fundacionmagtel.es\/vi-premios-fundacion-magtel\/\">Awards<\/a><br \/><a href=\"https:\/\/www.fundacionmagtel.es\/\"><span style=\"color: #808080;\">Castellano<\/span><\/a><\/p>\t\t\t\t\t\t\t\t<\/div>\n\t\t\t\t<\/div>\n\t\t\t\t\t<\/div>\n\t\t<\/div>\n\t\t\t\t<div class=\"elementor-column elementor-col-33 elementor-top-column elementor-element elementor-element-c1c5f4a\" data-id=\"c1c5f4a\" data-element_type=\"column\" data-e-type=\"column\" data-settings=\"{&quot;background_background&quot;:&quot;classic&quot;}\">\n\t\t\t<div class=\"elementor-widget-wrap elementor-element-populated\">\n\t\t\t\t\t<div class=\"elementor-background-overlay\"><\/div>\n\t\t\t\t\t\t<div class=\"elementor-element elementor-element-f7edcdd elementor-widget elementor-widget-heading\" data-id=\"f7edcdd\" data-element_type=\"widget\" data-e-type=\"widget\" data-widget_type=\"heading.default\">\n\t\t\t\t<div class=\"elementor-widget-container\">\n\t\t\t\t\t<h2 class=\"elementor-heading-title elementor-size-default\"><a href=\"https:\/\/fundacionmagtel.es\/wp-content\/uploads\/2025\/02\/Memoria-Fundacion-Magtel-2024-Digital.pdf\">Our Annual Report 2024<\/a><\/h2>\t\t\t\t<\/div>\n\t\t\t\t<\/div>\n\t\t\t\t\t<\/div>\n\t\t<\/div>\n\t\t\t\t\t<\/div>\n\t\t<\/section>\n\t\t\t\t<section class=\"elementor-section elementor-top-section elementor-element elementor-element-19b3779 elementor-section-stretched elementor-section-full_width elementor-section-height-default elementor-section-height-default\" data-id=\"19b3779\" data-element_type=\"section\" data-e-type=\"section\" data-settings=\"{&quot;background_background&quot;:&quot;classic&quot;,&quot;stretch_section&quot;:&quot;section-stretched&quot;}\">\n\t\t\t\t\t\t\t<div class=\"elementor-background-overlay\"><\/div>\n\t\t\t\t\t\t\t<div class=\"elementor-container elementor-column-gap-default\">\n\t\t\t\t\t<div class=\"elementor-column elementor-col-100 elementor-top-column elementor-element elementor-element-a5961e8\" data-id=\"a5961e8\" data-element_type=\"column\" data-e-type=\"column\" data-settings=\"{&quot;background_background&quot;:&quot;classic&quot;}\">\n\t\t\t<div class=\"elementor-widget-wrap elementor-element-populated\">\n\t\t\t\t\t\t<div class=\"elementor-element elementor-element-cbebf4e elementor-widget elementor-widget-heading\" data-id=\"cbebf4e\" data-element_type=\"widget\" data-e-type=\"widget\" data-widget_type=\"heading.default\">\n\t\t\t\t<div class=\"elementor-widget-container\">\n\t\t\t\t\t<h2 class=\"elementor-heading-title elementor-size-default\"><a href=\"https:\/\/fundacionmagtel.es\/vi-premios-fundacion-magtel\/\">Submit your application here<\/a><\/h2>\t\t\t\t<\/div>\n\t\t\t\t<\/div>\n\t\t\t\t<div class=\"elementor-element elementor-element-0283ccd elementor-widget elementor-widget-heading\" data-id=\"0283ccd\" data-element_type=\"widget\" data-e-type=\"widget\" data-widget_type=\"heading.default\">\n\t\t\t\t<div class=\"elementor-widget-container\">\n\t\t\t\t\t<h2 class=\"elementor-heading-title elementor-size-default\"><a href=\"https:\/\/fundacionmagtel.es\/vi-premios-fundacion-magtel\/\">6th Edition of <\/br> Fundaci\u00f3n Magtel Awards<\/a><\/h2>\t\t\t\t<\/div>\n\t\t\t\t<\/div>\n\t\t\t\t\t<\/div>\n\t\t<\/div>\n\t\t\t\t\t<\/div>\n\t\t<\/section>\n\t\t\t\t<section class=\"elementor-section elementor-top-section elementor-element elementor-element-c06cb1f elementor-section-stretched elementor-section-full_width elementor-section-height-default elementor-section-height-default\" data-id=\"c06cb1f\" data-element_type=\"section\" data-e-type=\"section\" data-settings=\"{&quot;background_background&quot;:&quot;classic&quot;,&quot;stretch_section&quot;:&quot;section-stretched&quot;}\">\n\t\t\t\t\t\t\t<div class=\"elementor-background-overlay\"><\/div>\n\t\t\t\t\t\t\t<div class=\"elementor-container elementor-column-gap-default\">\n\t\t\t\t\t<div class=\"elementor-column elementor-col-100 elementor-top-column elementor-element elementor-element-6a8924c\" data-id=\"6a8924c\" data-element_type=\"column\" data-e-type=\"column\" data-settings=\"{&quot;background_background&quot;:&quot;classic&quot;}\">\n\t\t\t<div class=\"elementor-widget-wrap elementor-element-populated\">\n\t\t\t\t\t\t<div class=\"elementor-element elementor-element-ce1152c elementor-widget elementor-widget-heading\" data-id=\"ce1152c\" data-element_type=\"widget\" data-e-type=\"widget\" data-widget_type=\"heading.default\">\n\t\t\t\t<div class=\"elementor-widget-container\">\n\t\t\t\t\t<h2 class=\"elementor-heading-title elementor-size-default\"><a href=\"https:\/\/fundacionmagtel.es\/innovacion-social\/\">Social Innovation<\/a><\/h2>\t\t\t\t<\/div>\n\t\t\t\t<\/div>\n\t\t\t\t<div class=\"elementor-element elementor-element-6ad4079 elementor-widget elementor-widget-heading\" data-id=\"6ad4079\" data-element_type=\"widget\" data-e-type=\"widget\" data-widget_type=\"heading.default\">\n\t\t\t\t<div class=\"elementor-widget-container\">\n\t\t\t\t\t<h2 class=\"elementor-heading-title elementor-size-default\"><a href=\"https:\/\/fundacionmagtel.es\/innovacion-social\/\">Livre Project<\/a><\/h2>\t\t\t\t<\/div>\n\t\t\t\t<\/div>\n\t\t\t\t\t<\/div>\n\t\t<\/div>\n\t\t\t\t\t<\/div>\n\t\t<\/section>\n\t\t\t\t<section class=\"elementor-section elementor-top-section elementor-element elementor-element-24471f7 elementor-section-stretched elementor-section-full_width elementor-section-height-default elementor-section-height-default\" data-id=\"24471f7\" data-element_type=\"section\" data-e-type=\"section\" data-settings=\"{&quot;background_background&quot;:&quot;classic&quot;,&quot;stretch_section&quot;:&quot;section-stretched&quot;}\">\n\t\t\t\t\t\t\t<div class=\"elementor-background-overlay\"><\/div>\n\t\t\t\t\t\t\t<div class=\"elementor-container elementor-column-gap-default\">\n\t\t\t\t\t<div class=\"elementor-column elementor-col-100 elementor-top-column elementor-element elementor-element-b7e6b8a\" data-id=\"b7e6b8a\" data-element_type=\"column\" data-e-type=\"column\" data-settings=\"{&quot;background_background&quot;:&quot;classic&quot;}\">\n\t\t\t<div class=\"elementor-widget-wrap elementor-element-populated\">\n\t\t\t\t\t\t<div class=\"elementor-element elementor-element-809a1e2 elementor-widget elementor-widget-heading\" data-id=\"809a1e2\" data-element_type=\"widget\" data-e-type=\"widget\" data-widget_type=\"heading.default\">\n\t\t\t\t<div class=\"elementor-widget-container\">\n\t\t\t\t\t<h2 class=\"elementor-heading-title elementor-size-default\"><a href=\"https:\/\/www.fundacionmagtel.es\/becas-fundacion-magtel\/2025-2\/\">New Edition<\/a><\/h2>\t\t\t\t<\/div>\n\t\t\t\t<\/div>\n\t\t\t\t<div class=\"elementor-element elementor-element-37972c0 elementor-widget elementor-widget-heading\" data-id=\"37972c0\" data-element_type=\"widget\" data-e-type=\"widget\" data-widget_type=\"heading.default\">\n\t\t\t\t<div class=\"elementor-widget-container\">\n\t\t\t\t\t<h2 class=\"elementor-heading-title elementor-size-default\"><a href=\"https:\/\/www.fundacionmagtel.es\/becas-fundacion-magtel\/2025-2\/\">Fundaci\u00f3n Magtel Grants<\/a><\/h2>\t\t\t\t<\/div>\n\t\t\t\t<\/div>\n\t\t\t\t\t<\/div>\n\t\t<\/div>\n\t\t\t\t\t<\/div>\n\t\t<\/section>\n\t\t\t\t<section class=\"elementor-section elementor-top-section elementor-element elementor-element-d06076a elementor-section-stretched elementor-section-full_width elementor-section-height-default elementor-section-height-default\" data-id=\"d06076a\" data-element_type=\"section\" data-e-type=\"section\" data-settings=\"{&quot;background_background&quot;:&quot;classic&quot;,&quot;stretch_section&quot;:&quot;section-stretched&quot;}\">\n\t\t\t\t\t\t\t<div class=\"elementor-background-overlay\"><\/div>\n\t\t\t\t\t\t\t<div class=\"elementor-container elementor-column-gap-default\">\n\t\t\t\t\t<div class=\"elementor-column elementor-col-100 elementor-top-column elementor-element elementor-element-174784e\" data-id=\"174784e\" data-element_type=\"column\" data-e-type=\"column\" data-settings=\"{&quot;background_background&quot;:&quot;classic&quot;}\">\n\t\t\t<div class=\"elementor-widget-wrap elementor-element-populated\">\n\t\t\t\t\t\t<div class=\"elementor-element elementor-element-119acfa elementor-widget elementor-widget-heading\" data-id=\"119acfa\" data-element_type=\"widget\" data-e-type=\"widget\" data-widget_type=\"heading.default\">\n\t\t\t\t<div class=\"elementor-widget-container\">\n\t\t\t\t\t<h2 class=\"elementor-heading-title elementor-size-default\"><a href=\"https:\/\/fundacionmagtel.es\/wp-content\/uploads\/2025\/02\/Memoria-Fundacion-Magtel-2024-Digital.pdf\">Edicion 2024<\/a><\/h2>\t\t\t\t<\/div>\n\t\t\t\t<\/div>\n\t\t\t\t<div class=\"elementor-element elementor-element-cea3819 elementor-widget elementor-widget-heading\" data-id=\"cea3819\" data-element_type=\"widget\" data-e-type=\"widget\" data-widget_type=\"heading.default\">\n\t\t\t\t<div class=\"elementor-widget-container\">\n\t\t\t\t\t<h2 class=\"elementor-heading-title elementor-size-default\"><a href=\"https:\/\/fundacionmagtel.es\/wp-content\/uploads\/2025\/02\/Memoria-Fundacion-Magtel-2024-Digital.pdf\">Fundaci\u00f3n Magtel Anual Report<\/a><\/h2>\t\t\t\t<\/div>\n\t\t\t\t<\/div>\n\t\t\t\t\t<\/div>\n\t\t<\/div>\n\t\t\t\t\t<\/div>\n\t\t<\/section>\n\t\t\t\t<section class=\"elementor-section elementor-top-section elementor-element elementor-element-07b2943 elementor-section-stretched elementor-section-full_width elementor-section-height-default elementor-section-height-default\" data-id=\"07b2943\" data-element_type=\"section\" data-e-type=\"section\" data-settings=\"{&quot;background_background&quot;:&quot;classic&quot;,&quot;stretch_section&quot;:&quot;section-stretched&quot;}\">\n\t\t\t\t\t\t\t<div class=\"elementor-background-overlay\"><\/div>\n\t\t\t\t\t\t\t<div class=\"elementor-container elementor-column-gap-default\">\n\t\t\t\t\t<div class=\"elementor-column elementor-col-100 elementor-top-column elementor-element elementor-element-81d268f\" data-id=\"81d268f\" data-element_type=\"column\" data-e-type=\"column\">\n\t\t\t<div class=\"elementor-widget-wrap elementor-element-populated\">\n\t\t\t\t\t\t<div class=\"elementor-element elementor-element-dc6116b elementor-widget elementor-widget-heading\" data-id=\"dc6116b\" data-element_type=\"widget\" data-e-type=\"widget\" data-widget_type=\"heading.default\">\n\t\t\t\t<div class=\"elementor-widget-container\">\n\t\t\t\t\t<h2 class=\"elementor-heading-title elementor-size-default\"><a href=\"https:\/\/www.fundacionmagtel.es\/en\/the-social-water-fundacion-magtel\/\">To facilitate access to drinking water to various communities in Colombia<\/a><\/h2>\t\t\t\t<\/div>\n\t\t\t\t<\/div>\n\t\t\t\t<div class=\"elementor-element elementor-element-26b340f elementor-widget elementor-widget-heading\" data-id=\"26b340f\" data-element_type=\"widget\" data-e-type=\"widget\" data-widget_type=\"heading.default\">\n\t\t\t\t<div class=\"elementor-widget-container\">\n\t\t\t\t\t<h2 class=\"elementor-heading-title elementor-size-default\"><a href=\"https:\/\/www.fundacionmagtel.es\/en\/the-social-water-fundacion-magtel\/\">We collaborate with The Social Water Foundation and Lamaignere Foundation <\/a><\/h2>\t\t\t\t<\/div>\n\t\t\t\t<\/div>\n\t\t\t\t\t<\/div>\n\t\t<\/div>\n\t\t\t\t\t<\/div>\n\t\t<\/section>\n\t\t\t\t<\/div>\n\t\t","protected":false},"excerpt":{"rendered":"<p>Social InnovationEmployabilitySocial Action InitiativesInternational Cooperation NewsAbout usAwardsCastellano NewsAbout usAwardsCastellano Our Annual Report 2024 Submit your application here 6th Edition of Fundaci\u00f3n Magtel Awards Social Innovation Livre Project New Edition Fundaci\u00f3n Magtel Grants Edicion 2024 Fundaci\u00f3n Magtel Anual Report To facilitate access to drinking water to various communities in Colombia We collaborate with The Social Water &hellip; <\/p>\n<p class=\"link-more\"><a href=\"https:\/\/fundacionmagtel.es\/en\/\" class=\"more-link\">Continue reading<span class=\"screen-reader-text\"> &#8220;Home&#8221;<\/span><\/a><\/p>\n","protected":false},"author":17,"featured_media":0,"parent":0,"menu_order":0,"comment_status":"closed","ping_status":"closed","template":"elementor_header_footer","meta":{"_exactmetrics_skip_tracking":false,"_exactmetrics_sitenote_active":false,"_exactmetrics_sitenote_note":"","_exactmetrics_sitenote_category":0,"footnotes":""},"class_list":["post-5510","page","type-page","status-publish","hentry"],"yoast_head":"<!-- This site is optimized with the Yoast SEO plugin v27.3 - https:\/\/yoast.com\/product\/yoast-seo-wordpress\/ -->\n<title>Home - Fundaci\u00f3n Magtel<\/title>\n<meta name=\"robots\" content=\"index, follow, max-snippet:-1, max-image-preview:large, max-video-preview:-1\" \/>\n<link rel=\"canonical\" href=\"https:\/\/fundacionmagtel.es\/en\/\" \/>\n<meta property=\"og:locale\" content=\"en_US\" \/>\n<meta property=\"og:type\" content=\"article\" \/>\n<meta property=\"og:title\" content=\"Home - Fundaci\u00f3n Magtel\" \/>\n<meta property=\"og:description\" content=\"Social InnovationEmployabilitySocial Action InitiativesInternational Cooperation NewsAbout usAwardsCastellano NewsAbout usAwardsCastellano Our Annual Report 2024 Submit your application here 6th Edition of Fundaci\u00f3n Magtel Awards Social Innovation Livre Project New Edition Fundaci\u00f3n Magtel Grants Edicion 2024 Fundaci\u00f3n Magtel Anual Report To facilitate access to drinking water to various communities in Colombia We collaborate with The Social Water &hellip; Continue reading &quot;Home&quot;\" \/>\n<meta property=\"og:url\" content=\"https:\/\/fundacionmagtel.es\/en\/\" \/>\n<meta property=\"og:site_name\" content=\"Fundaci\u00f3n Magtel\" \/>\n<meta property=\"article:publisher\" content=\"https:\/\/www.facebook.com\/GrupoMagtel\/\" \/>\n<meta property=\"article:modified_time\" content=\"2025-10-08T11:27:59+00:00\" \/>\n<meta property=\"og:image\" content=\"https:\/\/fundacionmagtel.es\/wp-content\/uploads\/2015\/07\/logoFM.png\" \/>\n\t<meta property=\"og:image:width\" content=\"198\" \/>\n\t<meta property=\"og:image:height\" content=\"63\" \/>\n\t<meta property=\"og:image:type\" content=\"image\/png\" \/>\n<meta name=\"twitter:card\" content=\"summary_large_image\" \/>\n<meta name=\"twitter:site\" content=\"@GrupoMagtel\" \/>\n<meta name=\"twitter:label1\" content=\"Est. reading time\" \/>\n\t<meta name=\"twitter:data1\" content=\"1 minute\" \/>\n<script type=\"application\/ld+json\" class=\"yoast-schema-graph\">{\"@context\":\"https:\\\/\\\/schema.org\",\"@graph\":[{\"@type\":\"WebPage\",\"@id\":\"https:\\\/\\\/fundacionmagtel.es\\\/en\\\/\",\"url\":\"https:\\\/\\\/fundacionmagtel.es\\\/en\\\/\",\"name\":\"Home - Fundaci\u00f3n Magtel\",\"isPartOf\":{\"@id\":\"https:\\\/\\\/fundacionmagtel.es\\\/en\\\/#website\"},\"primaryImageOfPage\":{\"@id\":\"https:\\\/\\\/fundacionmagtel.es\\\/en\\\/#primaryimage\"},\"image\":{\"@id\":\"https:\\\/\\\/fundacionmagtel.es\\\/en\\\/#primaryimage\"},\"thumbnailUrl\":\"https:\\\/\\\/fundacionmagtel.es\\\/wp-content\\\/uploads\\\/2015\\\/07\\\/logoFM.png\",\"datePublished\":\"2019-07-15T12:22:57+00:00\",\"dateModified\":\"2025-10-08T11:27:59+00:00\",\"breadcrumb\":{\"@id\":\"https:\\\/\\\/fundacionmagtel.es\\\/en\\\/#breadcrumb\"},\"inLanguage\":\"en-US\",\"potentialAction\":[{\"@type\":\"ReadAction\",\"target\":[\"https:\\\/\\\/fundacionmagtel.es\\\/en\\\/\"]}]},{\"@type\":\"ImageObject\",\"inLanguage\":\"en-US\",\"@id\":\"https:\\\/\\\/fundacionmagtel.es\\\/en\\\/#primaryimage\",\"url\":\"https:\\\/\\\/fundacionmagtel.es\\\/wp-content\\\/uploads\\\/2015\\\/07\\\/logoFM.png\",\"contentUrl\":\"https:\\\/\\\/fundacionmagtel.es\\\/wp-content\\\/uploads\\\/2015\\\/07\\\/logoFM.png\"},{\"@type\":\"BreadcrumbList\",\"@id\":\"https:\\\/\\\/fundacionmagtel.es\\\/en\\\/#breadcrumb\",\"itemListElement\":[{\"@type\":\"ListItem\",\"position\":1,\"name\":\"Portada\",\"item\":\"https:\\\/\\\/fundacionmagtel.es\\\/en\\\/home\\\/\"},{\"@type\":\"ListItem\",\"position\":2,\"name\":\"Home\"}]},{\"@type\":\"WebSite\",\"@id\":\"https:\\\/\\\/fundacionmagtel.es\\\/en\\\/#website\",\"url\":\"https:\\\/\\\/fundacionmagtel.es\\\/en\\\/\",\"name\":\"Fundaci\u00f3n Magtel\",\"description\":\"Fundaci\u00f3n Magtel\",\"potentialAction\":[{\"@type\":\"SearchAction\",\"target\":{\"@type\":\"EntryPoint\",\"urlTemplate\":\"https:\\\/\\\/fundacionmagtel.es\\\/en\\\/?s={search_term_string}\"},\"query-input\":{\"@type\":\"PropertyValueSpecification\",\"valueRequired\":true,\"valueName\":\"search_term_string\"}}],\"inLanguage\":\"en-US\"}]}<\/script>\n<!-- \/ Yoast SEO plugin. -->","yoast_head_json":{"title":"Home - Fundaci\u00f3n Magtel","robots":{"index":"index","follow":"follow","max-snippet":"max-snippet:-1","max-image-preview":"max-image-preview:large","max-video-preview":"max-video-preview:-1"},"canonical":"https:\/\/fundacionmagtel.es\/en\/","og_locale":"en_US","og_type":"article","og_title":"Home - Fundaci\u00f3n Magtel","og_description":"Social InnovationEmployabilitySocial Action InitiativesInternational Cooperation NewsAbout usAwardsCastellano NewsAbout usAwardsCastellano Our Annual Report 2024 Submit your application here 6th Edition of Fundaci\u00f3n Magtel Awards Social Innovation Livre Project New Edition Fundaci\u00f3n Magtel Grants Edicion 2024 Fundaci\u00f3n Magtel Anual Report To facilitate access to drinking water to various communities in Colombia We collaborate with The Social Water &hellip; Continue reading \"Home\"","og_url":"https:\/\/fundacionmagtel.es\/en\/","og_site_name":"Fundaci\u00f3n Magtel","article_publisher":"https:\/\/www.facebook.com\/GrupoMagtel\/","article_modified_time":"2025-10-08T11:27:59+00:00","og_image":[{"width":198,"height":63,"url":"https:\/\/fundacionmagtel.es\/wp-content\/uploads\/2015\/07\/logoFM.png","type":"image\/png"}],"twitter_card":"summary_large_image","twitter_site":"@GrupoMagtel","twitter_misc":{"Est. reading time":"1 minute"},"schema":{"@context":"https:\/\/schema.org","@graph":[{"@type":"WebPage","@id":"https:\/\/fundacionmagtel.es\/en\/","url":"https:\/\/fundacionmagtel.es\/en\/","name":"Home - Fundaci\u00f3n Magtel","isPartOf":{"@id":"https:\/\/fundacionmagtel.es\/en\/#website"},"primaryImageOfPage":{"@id":"https:\/\/fundacionmagtel.es\/en\/#primaryimage"},"image":{"@id":"https:\/\/fundacionmagtel.es\/en\/#primaryimage"},"thumbnailUrl":"https:\/\/fundacionmagtel.es\/wp-content\/uploads\/2015\/07\/logoFM.png","datePublished":"2019-07-15T12:22:57+00:00","dateModified":"2025-10-08T11:27:59+00:00","breadcrumb":{"@id":"https:\/\/fundacionmagtel.es\/en\/#breadcrumb"},"inLanguage":"en-US","potentialAction":[{"@type":"ReadAction","target":["https:\/\/fundacionmagtel.es\/en\/"]}]},{"@type":"ImageObject","inLanguage":"en-US","@id":"https:\/\/fundacionmagtel.es\/en\/#primaryimage","url":"https:\/\/fundacionmagtel.es\/wp-content\/uploads\/2015\/07\/logoFM.png","contentUrl":"https:\/\/fundacionmagtel.es\/wp-content\/uploads\/2015\/07\/logoFM.png"},{"@type":"BreadcrumbList","@id":"https:\/\/fundacionmagtel.es\/en\/#breadcrumb","itemListElement":[{"@type":"ListItem","position":1,"name":"Portada","item":"https:\/\/fundacionmagtel.es\/en\/home\/"},{"@type":"ListItem","position":2,"name":"Home"}]},{"@type":"WebSite","@id":"https:\/\/fundacionmagtel.es\/en\/#website","url":"https:\/\/fundacionmagtel.es\/en\/","name":"Fundaci\u00f3n Magtel","description":"Fundaci\u00f3n Magtel","potentialAction":[{"@type":"SearchAction","target":{"@type":"EntryPoint","urlTemplate":"https:\/\/fundacionmagtel.es\/en\/?s={search_term_string}"},"query-input":{"@type":"PropertyValueSpecification","valueRequired":true,"valueName":"search_term_string"}}],"inLanguage":"en-US"}]}},"_links":{"self":[{"href":"https:\/\/fundacionmagtel.es\/en\/wp-json\/wp\/v2\/pages\/5510","targetHints":{"allow":["GET"]}}],"collection":[{"href":"https:\/\/fundacionmagtel.es\/en\/wp-json\/wp\/v2\/pages"}],"about":[{"href":"https:\/\/fundacionmagtel.es\/en\/wp-json\/wp\/v2\/types\/page"}],"author":[{"embeddable":true,"href":"https:\/\/fundacionmagtel.es\/en\/wp-json\/wp\/v2\/users\/17"}],"replies":[{"embeddable":true,"href":"https:\/\/fundacionmagtel.es\/en\/wp-json\/wp\/v2\/comments?post=5510"}],"version-history":[{"count":211,"href":"https:\/\/fundacionmagtel.es\/en\/wp-json\/wp\/v2\/pages\/5510\/revisions"}],"predecessor-version":[{"id":14488,"href":"https:\/\/fundacionmagtel.es\/en\/wp-json\/wp\/v2\/pages\/5510\/revisions\/14488"}],"wp:attachment":[{"href":"https:\/\/fundacionmagtel.es\/en\/wp-json\/wp\/v2\/media?parent=5510"}],"curies":[{"name":"wp","href":"https:\/\/api.w.org\/{rel}","templated":true}]}}